{"id":8958,"date":"2025-12-06T14:18:54","date_gmt":"2025-12-06T14:18:54","guid":{"rendered":"https:\/\/zolyno.com\/?page_id=8958"},"modified":"2026-01-10T10:14:14","modified_gmt":"2026-01-10T10:14:14","slug":"wolffsche-museum","status":"publish","type":"page","link":"https:\/\/freiherren-von-wolff.com\/en\/wolffsche-museum\/","title":{"rendered":"Wolff Museum"},"content":{"rendered":"<div data-elementor-type=\"wp-page\" data-elementor-id=\"8958\" class=\"elementor elementor-8958\" data-elementor-post-type=\"page\">\n\t\t\t\t<div class=\"elementor-element elementor-element-5d7caeb e-flex e-con-boxed e-con e-parent\" data-id=\"5d7caeb\" data-element_type=\"container\" data-e-type=\"container\" data-settings=\"{&quot;background_background&quot;:&quot;classic&quot;}\">\n\t\t\t\t\t<div class=\"e-con-inner\">\n\t\t\t\t<div class=\"elementor-element elementor-element-f70e609 elementor-invisible elementor-widget elementor-widget-heading\" data-id=\"f70e609\" data-element_type=\"widget\" data-e-type=\"widget\" data-settings=\"{&quot;_animation&quot;:&quot;fadeInLeft&quot;,&quot;_animation_delay&quot;:200}\" data-widget_type=\"heading.default\">\n\t\t\t\t<div class=\"elementor-widget-container\">\n\t\t\t\t\t<h2 class=\"elementor-heading-title elementor-size-default\">Wolff Museum<\/h2>\t\t\t\t<\/div>\n\t\t\t\t<\/div>\n\t\t\t\t<div class=\"elementor-element elementor-element-66111b9 elementor-absolute elementor-widget elementor-widget-spacer\" data-id=\"66111b9\" data-element_type=\"widget\" data-e-type=\"widget\" data-settings=\"{&quot;_position&quot;:&quot;absolute&quot;}\" data-widget_type=\"spacer.default\">\n\t\t\t\t<div class=\"elementor-widget-container\">\n\t\t\t\t\t\t\t<div class=\"elementor-spacer\">\n\t\t\t<div class=\"elementor-spacer-inner\"><\/div>\n\t\t<\/div>\n\t\t\t\t\t\t<\/div>\n\t\t\t\t<\/div>\n\t\t\t\t\t<\/div>\n\t\t\t\t<\/div>\n\t\t<div class=\"elementor-element elementor-element-c799dc5 e-flex e-con-boxed e-con e-parent\" data-id=\"c799dc5\" data-element_type=\"container\" data-e-type=\"container\" data-settings=\"{&quot;background_background&quot;:&quot;classic&quot;}\">\n\t\t\t\t\t<div class=\"e-con-inner\">\n\t\t<div class=\"elementor-element elementor-element-f682346 e-con-full e-flex e-con e-child\" data-id=\"f682346\" data-element_type=\"container\" data-e-type=\"container\" data-settings=\"{&quot;background_background&quot;:&quot;classic&quot;}\">\n\t\t<div class=\"elementor-element elementor-element-e515e1e e-con-full e-flex e-con e-child\" data-id=\"e515e1e\" data-element_type=\"container\" data-e-type=\"container\">\n\t\t\t\t<div class=\"elementor-element elementor-element-f916d07 elementor-widget elementor-widget-heading\" data-id=\"f916d07\" data-element_type=\"widget\" data-e-type=\"widget\" data-widget_type=\"heading.default\">\n\t\t\t\t<div class=\"elementor-widget-container\">\n\t\t\t\t\t<h2 class=\"elementor-heading-title elementor-size-default\">Museum in Neu-Laitzen <br>(Lett.: Jaunlaicene)<\/h2>\t\t\t\t<\/div>\n\t\t\t\t<\/div>\n\t\t\t\t<div class=\"elementor-element elementor-element-a94a351 elementor-widget elementor-widget-text-editor\" data-id=\"a94a351\" data-element_type=\"widget\" data-e-type=\"widget\" data-widget_type=\"text-editor.default\">\n\t\t\t\t<div class=\"elementor-widget-container\">\n\t\t\t\t\t\t\t\t\t<p>Today, a small, publicly accessible museum is located in one of the outbuildings of the Neu-Laitzen manor estate (Latvian: Jaunlaicene). We are very grateful to the municipality of Jaunlaicene (Al\u016bksne Municipality) for preserving this historical heritage and for involving us in its presentation.<\/p><p>The museum is dedicated to various aspects of regional history and includes, among other things, a dedicated section on the family of the Barons von Wolff as well as on the history of the Neu-Laitzen (Jaunlaicene) estate and castle.<\/p><p class=\"translation-block\">Address: <br>Jaunlaicenes muzejs<br>Dravnieki, Jaunlaicene, LV-4336, Latvia<br>+371 29 356 277<\/p><p><a href=\"https:\/\/www.jaunlaicenesmuzejs.lv\/\">https:\/\/www.jaunlaicenesmuzejs.lv\/<\/a><br \/><a href=\"https:\/\/www.youtube.com\/watch?v=ifwyEJbvzlU\">https:\/\/www.youtube.com\/watch?v=ifwyEJbvzlU<\/a><\/p>\t\t\t\t\t\t\t\t<\/div>\n\t\t\t\t<\/div>\n\t\t\t\t<div class=\"elementor-element elementor-element-69fb712 elementor-widget elementor-widget-gallery\" data-id=\"69fb712\" data-element_type=\"widget\" data-e-type=\"widget\" data-settings=\"{&quot;gallery_layout&quot;:&quot;justified&quot;,&quot;ideal_row_height&quot;:{&quot;unit&quot;:&quot;px&quot;,&quot;size&quot;:340,&quot;sizes&quot;:[]},&quot;gap&quot;:{&quot;unit&quot;:&quot;px&quot;,&quot;size&quot;:18,&quot;sizes&quot;:[]},&quot;lazyload&quot;:&quot;yes&quot;,&quot;ideal_row_height_tablet&quot;:{&quot;unit&quot;:&quot;px&quot;,&quot;size&quot;:150,&quot;sizes&quot;:[]},&quot;ideal_row_height_mobile&quot;:{&quot;unit&quot;:&quot;px&quot;,&quot;size&quot;:150,&quot;sizes&quot;:[]},&quot;gap_tablet&quot;:{&quot;unit&quot;:&quot;px&quot;,&quot;size&quot;:10,&quot;sizes&quot;:[]},&quot;gap_mobile&quot;:{&quot;unit&quot;:&quot;px&quot;,&quot;size&quot;:10,&quot;sizes&quot;:[]},&quot;link_to&quot;:&quot;file&quot;,&quot;overlay_background&quot;:&quot;yes&quot;,&quot;content_hover_animation&quot;:&quot;fade-in&quot;}\" data-widget_type=\"gallery.default\">\n\t\t\t\t<div class=\"elementor-widget-container\">\n\t\t\t\t\t\t\t<div class=\"elementor-gallery__container\">\n\t\t\t\t\t\t\t<a class=\"e-gallery-item elementor-gallery-item elementor-animated-content\" href=\"https:\/\/freiherren-von-wolff.com\/wp-content\/uploads\/2025\/12\/Wolffsche-Museum1.jpeg\" data-elementor-open-lightbox=\"yes\" data-elementor-lightbox-slideshow=\"69fb712\" data-elementor-lightbox-title=\"Wolffsche Museum\" data-e-action-hash=\"#elementor-action%3Aaction%3Dlightbox%26settings%3DeyJpZCI6ODkzOCwidXJsIjoiaHR0cHM6XC9cL2ZyZWloZXJyZW4tdm9uLXdvbGZmLmNvbVwvd3AtY29udGVudFwvdXBsb2Fkc1wvMjAyNVwvMTJcL1dvbGZmc2NoZS1NdXNldW0xLmpwZWciLCJzbGlkZXNob3ciOiI2OWZiNzEyIn0%3D\">\n\t\t\t\t\t<div class=\"e-gallery-image elementor-gallery-item__image\" data-thumbnail=\"https:\/\/freiherren-von-wolff.com\/wp-content\/uploads\/2025\/12\/Wolffsche-Museum1-768x576.jpeg\" data-width=\"768\" data-height=\"576\" aria-label=\"\" role=\"img\" ><\/div>\n\t\t\t\t\t\t\t\t\t\t\t<div class=\"elementor-gallery-item__overlay\"><\/div>\n\t\t\t\t\t\t\t\t\t\t\t\t\t\t<\/a>\n\t\t\t\t\t\t\t<a class=\"e-gallery-item elementor-gallery-item elementor-animated-content\" href=\"https:\/\/freiherren-von-wolff.com\/wp-content\/uploads\/2025\/12\/Wolffsche-Museum.jpeg\" data-elementor-open-lightbox=\"yes\" data-elementor-lightbox-slideshow=\"69fb712\" data-elementor-lightbox-title=\"Wolffsche Museum\" data-e-action-hash=\"#elementor-action%3Aaction%3Dlightbox%26settings%3DeyJpZCI6OTU5NywidXJsIjoiaHR0cHM6XC9cL2ZyZWloZXJyZW4tdm9uLXdvbGZmLmNvbVwvd3AtY29udGVudFwvdXBsb2Fkc1wvMjAyNVwvMTJcL1dvbGZmc2NoZS1NdXNldW0uanBlZyIsInNsaWRlc2hvdyI6IjY5ZmI3MTIifQ%3D%3D\">\n\t\t\t\t\t<div class=\"e-gallery-image elementor-gallery-item__image\" data-thumbnail=\"https:\/\/freiherren-von-wolff.com\/wp-content\/uploads\/2025\/12\/Wolffsche-Museum-768x576.jpeg\" data-width=\"768\" data-height=\"576\" aria-label=\"\" role=\"img\" ><\/div>\n\t\t\t\t\t\t\t\t\t\t\t<div class=\"elementor-gallery-item__overlay\"><\/div>\n\t\t\t\t\t\t\t\t\t\t\t\t\t\t<\/a>\n\t\t\t\t\t<\/div>\n\t\t\t\t\t<\/div>\n\t\t\t\t<\/div>\n\t\t\t\t<\/div>\n\t\t\t\t<\/div>\n\t\t\t\t\t<\/div>\n\t\t\t\t<\/div>\n\t\t<div class=\"elementor-element elementor-element-81712d3 e-flex e-con-boxed e-con e-parent\" data-id=\"81712d3\" data-element_type=\"container\" data-e-type=\"container\">\n\t\t\t\t\t<div class=\"e-con-inner\">\n\t\t\t\t<div class=\"elementor-element elementor-element-8a735ee elementor-absolute elementor-widget elementor-widget-spacer\" data-id=\"8a735ee\" data-element_type=\"widget\" data-e-type=\"widget\" data-settings=\"{&quot;_position&quot;:&quot;absolute&quot;}\" data-widget_type=\"spacer.default\">\n\t\t\t\t<div class=\"elementor-widget-container\">\n\t\t\t\t\t\t\t<div class=\"elementor-spacer\">\n\t\t\t<div class=\"elementor-spacer-inner\"><\/div>\n\t\t<\/div>\n\t\t\t\t\t\t<\/div>\n\t\t\t\t<\/div>\n\t\t\t\t\t<\/div>\n\t\t\t\t<\/div>\n\t\t<div class=\"elementor-element elementor-element-1e779ac e-flex e-con-boxed e-con e-parent\" data-id=\"1e779ac\" data-element_type=\"container\" data-e-type=\"container\" data-settings=\"{&quot;background_background&quot;:&quot;classic&quot;}\">\n\t\t\t\t\t<div class=\"e-con-inner\">\n\t\t<div class=\"elementor-element elementor-element-cf16263 e-con-full e-flex e-con e-child\" data-id=\"cf16263\" data-element_type=\"container\" data-e-type=\"container\" data-settings=\"{&quot;background_background&quot;:&quot;classic&quot;}\">\n\t\t<div class=\"elementor-element elementor-element-223d834 e-con-full e-flex e-con e-child\" data-id=\"223d834\" data-element_type=\"container\" data-e-type=\"container\">\n\t\t\t\t<div class=\"elementor-element elementor-element-0b8e03c elementor-widget elementor-widget-heading\" data-id=\"0b8e03c\" data-element_type=\"widget\" data-e-type=\"widget\" data-widget_type=\"heading.default\">\n\t\t\t\t<div class=\"elementor-widget-container\">\n\t\t\t\t\t<h2 class=\"elementor-heading-title elementor-size-default\">Museum in Stomersee <br>(Lett.: St\u0101meriene)<\/h2>\t\t\t\t<\/div>\n\t\t\t\t<\/div>\n\t\t\t\t<div class=\"elementor-element elementor-element-2568f81 elementor-widget elementor-widget-text-editor\" data-id=\"2568f81\" data-element_type=\"widget\" data-e-type=\"widget\" data-widget_type=\"text-editor.default\">\n\t\t\t\t<div class=\"elementor-widget-container\">\n\t\t\t\t\t\t\t\t\t<p class=\"translation-block\">Today, a museum open to the public is located in the carefully restored Stomersee Castle (Latvian: St\u0101meriene). We are very grateful to the municipality of St\u0101meriene for preserving this significant historical heritage and for involving us in its presentation.<br>The museum is dedicated to various aspects of regional history and includes, among other things, a dedicated section on the family of the Barons von Wolff as well as on the history of the Stomersee (St\u0101meriene) estate and castle.<\/p><p>In addition, the castle is now available as a stylish event venue and can be booked for cultural events, receptions, private celebrations, and special occasions. The historical ensemble, embedded in an impressive landscape, offers an exceptionally beautiful and atmospheric setting that uniquely connects history and the present.<\/p><p>Adresse: <br \/><strong>St\u0101merienas pils<\/strong><br \/>St\u0101merienas pils, Vecst\u0101meriena, St\u0101merienas pagasts, Gulbenes novads, LV-4406, Lettland<br \/>+371 25 755 784<\/p><p><a href=\"https:\/\/www.visitgulbene.lv\/\">https:\/\/www.visitgulbene.lv\/<\/a><br \/><a href=\"https:\/\/www.stamerienaspils.eu\/en\/\">https:\/\/www.stamerienaspils.eu\/en\/<\/a><br \/>https:\/\/www.youtube.com\/watch?v=t90Agns_7dg<\/p>\t\t\t\t\t\t\t\t<\/div>\n\t\t\t\t<\/div>\n\t\t\t\t<div class=\"elementor-element elementor-element-17bb247 elementor-widget elementor-widget-gallery\" data-id=\"17bb247\" data-element_type=\"widget\" data-e-type=\"widget\" data-settings=\"{&quot;gallery_layout&quot;:&quot;justified&quot;,&quot;ideal_row_height&quot;:{&quot;unit&quot;:&quot;px&quot;,&quot;size&quot;:500,&quot;sizes&quot;:[]},&quot;gap&quot;:{&quot;unit&quot;:&quot;px&quot;,&quot;size&quot;:22,&quot;sizes&quot;:[]},&quot;lazyload&quot;:&quot;yes&quot;,&quot;ideal_row_height_tablet&quot;:{&quot;unit&quot;:&quot;px&quot;,&quot;size&quot;:150,&quot;sizes&quot;:[]},&quot;ideal_row_height_mobile&quot;:{&quot;unit&quot;:&quot;px&quot;,&quot;size&quot;:150,&quot;sizes&quot;:[]},&quot;gap_tablet&quot;:{&quot;unit&quot;:&quot;px&quot;,&quot;size&quot;:10,&quot;sizes&quot;:[]},&quot;gap_mobile&quot;:{&quot;unit&quot;:&quot;px&quot;,&quot;size&quot;:10,&quot;sizes&quot;:[]},&quot;link_to&quot;:&quot;file&quot;,&quot;overlay_background&quot;:&quot;yes&quot;,&quot;content_hover_animation&quot;:&quot;fade-in&quot;}\" data-widget_type=\"gallery.default\">\n\t\t\t\t<div class=\"elementor-widget-container\">\n\t\t\t\t\t\t\t<div class=\"elementor-gallery__container\">\n\t\t\t\t\t\t\t<a class=\"e-gallery-item elementor-gallery-item elementor-animated-content\" href=\"https:\/\/freiherren-von-wolff.com\/wp-content\/uploads\/2025\/12\/Schloss-Stomersee.jpeg\" data-elementor-open-lightbox=\"yes\" data-elementor-lightbox-slideshow=\"17bb247\" data-elementor-lightbox-title=\"Schloss Stomersee\" data-e-action-hash=\"#elementor-action%3Aaction%3Dlightbox%26settings%3DeyJpZCI6OTU3MiwidXJsIjoiaHR0cHM6XC9cL2ZyZWloZXJyZW4tdm9uLXdvbGZmLmNvbVwvd3AtY29udGVudFwvdXBsb2Fkc1wvMjAyNVwvMTJcL1NjaGxvc3MtU3RvbWVyc2VlLmpwZWciLCJzbGlkZXNob3ciOiIxN2JiMjQ3In0%3D\">\n\t\t\t\t\t<div class=\"e-gallery-image elementor-gallery-item__image\" data-thumbnail=\"https:\/\/freiherren-von-wolff.com\/wp-content\/uploads\/elementor\/thumbs\/Schloss-Stomersee-rirzjg7m681ytoz09noydx93aogzfgndad6zw8pm74.jpeg\" data-width=\"500\" data-height=\"400\" aria-label=\"\" role=\"img\" ><\/div>\n\t\t\t\t\t\t\t\t\t\t\t<div class=\"elementor-gallery-item__overlay\"><\/div>\n\t\t\t\t\t\t\t\t\t\t\t\t\t\t<\/a>\n\t\t\t\t\t\t\t<a class=\"e-gallery-item elementor-gallery-item elementor-animated-content\" href=\"https:\/\/freiherren-von-wolff.com\/wp-content\/uploads\/2025\/12\/Schloss-Stomersee2.jpeg\" data-elementor-open-lightbox=\"yes\" data-elementor-lightbox-slideshow=\"17bb247\" data-elementor-lightbox-title=\"Schloss Stomersee2\" data-e-action-hash=\"#elementor-action%3Aaction%3Dlightbox%26settings%3DeyJpZCI6OTU3MywidXJsIjoiaHR0cHM6XC9cL2ZyZWloZXJyZW4tdm9uLXdvbGZmLmNvbVwvd3AtY29udGVudFwvdXBsb2Fkc1wvMjAyNVwvMTJcL1NjaGxvc3MtU3RvbWVyc2VlMi5qcGVnIiwic2xpZGVzaG93IjoiMTdiYjI0NyJ9\">\n\t\t\t\t\t<div class=\"e-gallery-image elementor-gallery-item__image\" data-thumbnail=\"https:\/\/freiherren-von-wolff.com\/wp-content\/uploads\/elementor\/thumbs\/Schloss-Stomersee2-rirzjg7m681ytoz09noydx93aogzfgndad6zw8pm74.jpeg\" data-width=\"500\" data-height=\"400\" aria-label=\"\" role=\"img\" ><\/div>\n\t\t\t\t\t\t\t\t\t\t\t<div class=\"elementor-gallery-item__overlay\"><\/div>\n\t\t\t\t\t\t\t\t\t\t\t\t\t\t<\/a>\n\t\t\t\t\t<\/div>\n\t\t\t\t\t<\/div>\n\t\t\t\t<\/div>\n\t\t\t\t<div class=\"elementor-element elementor-element-c529a9d elementor-widget elementor-widget-text-editor\" data-id=\"c529a9d\" data-element_type=\"widget\" data-e-type=\"widget\" data-widget_type=\"text-editor.default\">\n\t\t\t\t<div class=\"elementor-widget-container\">\n\t\t\t\t\t\t\t\t\t<p>Sources: See Imprint<\/p>\t\t\t\t\t\t\t\t<\/div>\n\t\t\t\t<\/div>\n\t\t\t\t<\/div>\n\t\t\t\t<\/div>\n\t\t\t\t\t<\/div>\n\t\t\t\t<\/div>\n\t\t\t\t<\/div>","protected":false},"excerpt":{"rendered":"<p>Museum in Neu-Laitzen (Lett.: Jaunlaicene) Heute befindet sich in einem der Nebengeb\u00e4ude des Gutshofes Neu-Laitzen (lettisch: Jaunlaicene) ein kleines, \u00f6ffentlich zug\u00e4ngliches Museum. Wir sind der&#8230;<\/p>","protected":false},"author":1,"featured_media":0,"parent":0,"menu_order":0,"comment_status":"closed","ping_status":"closed","template":"elementor_header_footer","meta":{"pagelayer_contact_templates":[],"_pagelayer_content":"","footnotes":""},"class_list":["post-8958","page","type-page","status-publish","hentry"],"_links":{"self":[{"href":"https:\/\/freiherren-von-wolff.com\/en\/wp-json\/wp\/v2\/pages\/8958","targetHints":{"allow":["GET"]}}],"collection":[{"href":"https:\/\/freiherren-von-wolff.com\/en\/wp-json\/wp\/v2\/pages"}],"about":[{"href":"https:\/\/freiherren-von-wolff.com\/en\/wp-json\/wp\/v2\/types\/page"}],"author":[{"embeddable":true,"href":"https:\/\/freiherren-von-wolff.com\/en\/wp-json\/wp\/v2\/users\/1"}],"replies":[{"embeddable":true,"href":"https:\/\/freiherren-von-wolff.com\/en\/wp-json\/wp\/v2\/comments?post=8958"}],"version-history":[{"count":19,"href":"https:\/\/freiherren-von-wolff.com\/en\/wp-json\/wp\/v2\/pages\/8958\/revisions"}],"predecessor-version":[{"id":9779,"href":"https:\/\/freiherren-von-wolff.com\/en\/wp-json\/wp\/v2\/pages\/8958\/revisions\/9779"}],"wp:attachment":[{"href":"https:\/\/freiherren-von-wolff.com\/en\/wp-json\/wp\/v2\/media?parent=8958"}],"curies":[{"name":"wp","href":"https:\/\/api.w.org\/{rel}","templated":true}]}}